{"id":62,"date":"2022-07-08T10:45:14","date_gmt":"2022-07-08T14:45:14","guid":{"rendered":"http:\/\/hablemosnet.work\/?page_id=62"},"modified":"2024-05-21T12:09:03","modified_gmt":"2024-05-21T16:09:03","slug":"quienes-somos","status":"publish","type":"page","link":"https:\/\/hablemosnet.work\/en\/quienes-somos\/","title":{"rendered":"\u00bfQUI\u00c9NES SOMOS?"},"content":{"rendered":"<p>[et_pb_section bb_built=\u00bb1&#8243; fullwidth=\u00bbon\u00bb _builder_version=\u00bb4.17.4&#8243; vertical_offset_tablet=\u00bb0&#8243; horizontal_offset_tablet=\u00bb0&#8243; box_shadow_horizontal_tablet=\u00bb0px\u00bb box_shadow_vertical_tablet=\u00bb0px\u00bb box_shadow_blur_tablet=\u00bb40px\u00bb box_shadow_spread_tablet=\u00bb0px\u00bb global_colors_info=\u00bb{}\u00bb next_background_color=\u00bbgcid-8020c5c5-3063-43d3-92c5-9fcdd948cb76&#8243;][et_pb_fullwidth_header title=\u00bb\u00a1Somos Hablemos Network!\u00bb subhead=\u00bbImpulsamos Marcas. Transformamos Negocios.\u00bb header_fullscreen=\u00bbon\u00bb header_scroll_down=\u00bbon\u00bb scroll_down_icon=\u00bb%%1%%\u00bb scroll_down_icon_color=\u00bb#ffffff\u00bb scroll_down_icon_size=\u00bb20px\u00bb button_one_text=\u00bbMira Nuestro Trabajo\u00bb button_one_url=\u00bb\/portafolio\/\u00bb button_two_text=\u00bbNuestros Valores Corporativos\u00bb button_two_url=\u00bb\/quienes-somos\/nuestros-valores-corporativos\/\u00bb content_max_width=\u00bb750px\u00bb _builder_version=\u00bb4.22.2&#8243; title_font=\u00bbQuicksand|300|||||||\u00bb title_text_align=\u00bbleft\u00bb title_text_color=\u00bb#ffffff\u00bb title_font_size=\u00bb2.8em\u00bb content_font=\u00bbQuicksand|300|||||||\u00bb content_text_align=\u00bbleft\u00bb content_text_color=\u00bb#ffffff\u00bb content_font_size=\u00bb1.2em\u00bb content_line_height=\u00bb1.6em\u00bb subhead_font=\u00bbQuicksand||||||||\u00bb subhead_text_align=\u00bbleft\u00bb subhead_text_color=\u00bb#ffffff\u00bb subhead_font_size=\u00bb19px\u00bb background_color=\u00bb#302b27&#8243; background_image=\u00bbhttp:\/\/hablemosnet.work\/wp-content\/uploads\/2023\/06\/fonos-sitio3.jpg\u00bb custom_button_one=\u00bbon\u00bb button_one_text_size=\u00bb13px\u00bb button_one_text_color=\u00bb#000000&#8243; button_one_bg_color=\u00bb#ffff00&#8243; button_one_border_width=\u00bb0px\u00bb button_one_border_color=\u00bb#303030&#8243; button_one_border_radius=\u00bb5px\u00bb button_one_font=\u00bbQuicksand|300|||||||\u00bb button_one_icon=\u00bb%%20%%\u00bb button_one_icon_color=\u00bb#000000&#8243; custom_button_two=\u00bbon\u00bb button_two_text_size=\u00bb13px\u00bb button_two_text_color=\u00bb#000000&#8243; button_two_bg_color=\u00bb#ffff00&#8243; button_two_border_width=\u00bb0px\u00bb button_two_border_color=\u00bb#303030&#8243; button_two_border_radius=\u00bb5px\u00bb button_two_font=\u00bbQuicksand|300|||||||\u00bb button_two_icon=\u00bb%%20%%\u00bb button_two_icon_color=\u00bb#000000&#8243; vertical_offset_tablet=\u00bb0&#8243; horizontal_offset_tablet=\u00bb0&#8243; hover_enabled=\u00bb0&#8243; title_font_size_tablet=\u00bb2.6em\u00bb title_font_size_phone=\u00bb1.5em\u00bb title_font_size_last_edited=\u00bbon|phone\u00bb content_font_size_tablet=\u00bb1&#8243; content_font_size_phone=\u00bb0.9em\u00bb content_font_size_last_edited=\u00bbon|phone\u00bb subhead_font_size_tablet=\u00bb18px\u00bb subhead_font_size_phone=\u00bb13px\u00bb subhead_font_size_last_edited=\u00bbon|desktop\u00bb z_index_tablet=\u00bb0&#8243; title_text_shadow_horizontal_length_tablet=\u00bb0px\u00bb title_text_shadow_vertical_length_tablet=\u00bb0px\u00bb title_text_shadow_blur_strength_tablet=\u00bb1px\u00bb content_text_shadow_horizontal_length_tablet=\u00bb0px\u00bb content_text_shadow_vertical_length_tablet=\u00bb0px\u00bb content_text_shadow_blur_strength_tablet=\u00bb1px\u00bb subhead_text_shadow_horizontal_length_tablet=\u00bb0px\u00bb subhead_text_shadow_vertical_length_tablet=\u00bb0px\u00bb subhead_text_shadow_blur_strength_tablet=\u00bb1px\u00bb content_link_text_shadow_horizontal_length_tablet=\u00bb0px\u00bb content_link_text_shadow_vertical_length_tablet=\u00bb0px\u00bb content_link_text_shadow_blur_strength_tablet=\u00bb1px\u00bb content_ul_text_shadow_horizontal_length_tablet=\u00bb0px\u00bb content_ul_text_shadow_vertical_length_tablet=\u00bb0px\u00bb content_ul_text_shadow_blur_strength_tablet=\u00bb1px\u00bb content_ol_text_shadow_horizontal_length_tablet=\u00bb0px\u00bb content_ol_text_shadow_vertical_length_tablet=\u00bb0px\u00bb content_ol_text_shadow_blur_strength_tablet=\u00bb1px\u00bb content_quote_text_shadow_horizontal_length_tablet=\u00bb0px\u00bb content_quote_text_shadow_vertical_length_tablet=\u00bb0px\u00bb content_quote_text_shadow_blur_strength_tablet=\u00bb1px\u00bb button_two_text_shadow_horizontal_length_tablet=\u00bb0px\u00bb button_two_text_shadow_vertical_length_tablet=\u00bb0px\u00bb button_two_text_shadow_blur_strength_tablet=\u00bb1px\u00bb box_shadow_horizontal_tablet=\u00bb0px\u00bb box_shadow_vertical_tablet=\u00bb0px\u00bb box_shadow_blur_tablet=\u00bb40px\u00bb box_shadow_spread_tablet=\u00bb0px\u00bb box_shadow_horizontal_image_tablet=\u00bb0px\u00bb box_shadow_vertical_image_tablet=\u00bb0px\u00bb box_shadow_blur_image_tablet=\u00bb40px\u00bb box_shadow_spread_image_tablet=\u00bb0px\u00bb box_shadow_horizontal_button_two_tablet=\u00bb0px\u00bb box_shadow_vertical_button_two_tablet=\u00bb0px\u00bb box_shadow_blur_button_two_tablet=\u00bb40px\u00bb box_shadow_spread_button_two_tablet=\u00bb0px\u00bb text_shadow_horizontal_length_tablet=\u00bb0px\u00bb text_shadow_vertical_length_tablet=\u00bb0px\u00bb text_shadow_blur_strength_tablet=\u00bb1px\u00bb global_colors_info=\u00bb{}\u00bb sticky_enabled=\u00bb0&#8243;]<\/p>\n<p>Nos apasiona <strong>fomentar conversaciones y ofrecer servicios<\/strong> para ayudar a las marcas a construir un <strong>mercado emocional<\/strong> para sus productos. A trav\u00e9s de <strong>nuestras comunidades digitales<\/strong>, mantenemos una actualizaci\u00f3n constante sobre las \u00faltimas tendencias y opiniones. Creamos experiencias digitales que aumentan significativamente la visibilidad y posicionamiento de tu marca en el mercado latinoamericano.<\/p>\n<p>[\/et_pb_fullwidth_header][\/et_pb_section][et_pb_section bb_built=\u00bb1&#8243; admin_label=\u00bbCall to Action\u00bb _builder_version=\u00bb4.21.0&#8243; _module_preset=\u00bbdefault\u00bb background_color=\u00bbgcid-8020c5c5-3063-43d3-92c5-9fcdd948cb76&#8243; custom_padding=\u00bb12px|||||\u00bb locked=\u00bboff\u00bb collapsed=\u00bboff\u00bb global_colors_info=\u00bb{%22gcid-8020c5c5-3063-43d3-92c5-9fcdd948cb76%22:%91%22background_color%22%93}\u00bb prev_background_color=\u00bb#ffffff\u00bb][et_pb_row column_structure=\u00bb1_2,1_2&#8243; _builder_version=\u00bb4.21.0&#8243; _module_preset=\u00bbdefault\u00bb global_colors_info=\u00bb{}\u00bb][et_pb_column type=\u00bb1_2&#8243; _builder_version=\u00bb4.21.0&#8243; _module_preset=\u00bbdefault\u00bb global_colors_info=\u00bb{}\u00bb][et_pb_image src=\u00bbhttp:\/\/hablemosnet.work\/wp-content\/uploads\/2023\/07\/social-profile.jpeg\u00bb alt=\u00bbHablemos Network &#8211; Somos la nueva generaci\u00f3n de Agencias de Marketing Integral Digital, que ofrece experiencias de alto valor, conexiones emocionales y conversaciones relevantes entre las marcas y los usuarios en Am\u00e9rica Latina.\u00bb title_text=\u00bbHablemos Network &#8211; Somos la nueva generaci\u00f3n de Agencias de Marketing Integral Digital, que ofrece experiencias de alto valor, conexiones emocionales y conversaciones relevantes entre las marcas y los usuarios en Am\u00e9rica Latina.\u00bb _builder_version=\u00bb4.21.0&#8243; _module_preset=\u00bbdefault\u00bb border_radii=\u00bbon|250px|250px|250px|250px\u00bb global_colors_info=\u00bb{}\u00bb]<\/p>\n<p><\/p>\n<p>[\/et_pb_image][\/et_pb_column][et_pb_column type=\u00bb1_2&#8243; _builder_version=\u00bb4.21.0&#8243; _module_preset=\u00bbdefault\u00bb custom_padding=\u00bb30px||||false|false\u00bb custom_padding_tablet=\u00bb0px||||false|false\u00bb custom_padding_phone=\u00bb0px||||false|false\u00bb custom_padding_last_edited=\u00bbon|desktop\u00bb global_colors_info=\u00bb{}\u00bb][et_pb_text _builder_version=\u00bb4.21.0&#8243; _module_preset=\u00bbeb19b8ca-a3a9-4ead-849f-59a3437ea9ba\u00bb header_2_font=\u00bbQuicksand|500|||||||\u00bb header_2_text_color=\u00bb#ffff00&#8243; header_2_font_size=\u00bb47px\u00bb custom_margin=\u00bb||10px||false|false\u00bb global_colors_info=\u00bb{}\u00bb]<\/p>\n<h2><strong>Arturo Civit<\/strong><br \/>Chief Digital Officer<\/h2>\n<p>[\/et_pb_text][et_pb_text _builder_version=\u00bb4.25.1&#8243; _module_preset=\u00bbc00beb67-4b48-4956-bbed-7394d5a1e043&#8243; text_font=\u00bbQuicksand||||||||\u00bb text_text_color=\u00bbrgba(255,255,255,0.7)\u00bb global_colors_info=\u00bb{}\u00bb background_pattern_color=\u00bbrgba(0,0,0,0.2)\u00bb background_mask_color=\u00bb#ffffff\u00bb text_text_shadow_horizontal_length=\u00bbtext_text_shadow_style,%91object Object%93&#8243; text_text_shadow_horizontal_length_tablet=\u00bb0px\u00bb text_text_shadow_vertical_length=\u00bbtext_text_shadow_style,%91object Object%93&#8243; text_text_shadow_vertical_length_tablet=\u00bb0px\u00bb text_text_shadow_blur_strength=\u00bbtext_text_shadow_style,%91object Object%93&#8243; text_text_shadow_blur_strength_tablet=\u00bb1px\u00bb link_text_shadow_horizontal_length=\u00bblink_text_shadow_style,%91object Object%93&#8243; link_text_shadow_horizontal_length_tablet=\u00bb0px\u00bb link_text_shadow_vertical_length=\u00bblink_text_shadow_style,%91object Object%93&#8243; link_text_shadow_vertical_length_tablet=\u00bb0px\u00bb link_text_shadow_blur_strength=\u00bblink_text_shadow_style,%91object Object%93&#8243; link_text_shadow_blur_strength_tablet=\u00bb1px\u00bb ul_text_shadow_horizontal_length=\u00bbul_text_shadow_style,%91object Object%93&#8243; ul_text_shadow_horizontal_length_tablet=\u00bb0px\u00bb ul_text_shadow_vertical_length=\u00bbul_text_shadow_style,%91object Object%93&#8243; ul_text_shadow_vertical_length_tablet=\u00bb0px\u00bb ul_text_shadow_blur_strength=\u00bbul_text_shadow_style,%91object Object%93&#8243; ul_text_shadow_blur_strength_tablet=\u00bb1px\u00bb ol_text_shadow_horizontal_length=\u00bbol_text_shadow_style,%91object Object%93&#8243; ol_text_shadow_horizontal_length_tablet=\u00bb0px\u00bb ol_text_shadow_vertical_length=\u00bbol_text_shadow_style,%91object Object%93&#8243; ol_text_shadow_vertical_length_tablet=\u00bb0px\u00bb ol_text_shadow_blur_strength=\u00bbol_text_shadow_style,%91object Object%93&#8243; ol_text_shadow_blur_strength_tablet=\u00bb1px\u00bb quote_text_shadow_horizontal_length=\u00bbquote_text_shadow_style,%91object Object%93&#8243; quote_text_shadow_horizontal_length_tablet=\u00bb0px\u00bb quote_text_shadow_vertical_length=\u00bbquote_text_shadow_style,%91object Object%93&#8243; quote_text_shadow_vertical_length_tablet=\u00bb0px\u00bb quote_text_shadow_blur_strength=\u00bbquote_text_shadow_style,%91object Object%93&#8243; quote_text_shadow_blur_strength_tablet=\u00bb1px\u00bb header_text_shadow_horizontal_length=\u00bbheader_text_shadow_style,%91object Object%93&#8243; header_text_shadow_horizontal_length_tablet=\u00bb0px\u00bb header_text_shadow_vertical_length=\u00bbheader_text_shadow_style,%91object Object%93&#8243; header_text_shadow_vertical_length_tablet=\u00bb0px\u00bb header_text_shadow_blur_strength=\u00bbheader_text_shadow_style,%91object Object%93&#8243; header_text_shadow_blur_strength_tablet=\u00bb1px\u00bb header_2_text_shadow_horizontal_length=\u00bbheader_2_text_shadow_style,%91object Object%93&#8243; header_2_text_shadow_horizontal_length_tablet=\u00bb0px\u00bb header_2_text_shadow_vertical_length=\u00bbheader_2_text_shadow_style,%91object Object%93&#8243; header_2_text_shadow_vertical_length_tablet=\u00bb0px\u00bb header_2_text_shadow_blur_strength=\u00bbheader_2_text_shadow_style,%91object Object%93&#8243; header_2_text_shadow_blur_strength_tablet=\u00bb1px\u00bb header_3_text_shadow_horizontal_length=\u00bbheader_3_text_shadow_style,%91object Object%93&#8243; header_3_text_shadow_horizontal_length_tablet=\u00bb0px\u00bb header_3_text_shadow_vertical_length=\u00bbheader_3_text_shadow_style,%91object Object%93&#8243; header_3_text_shadow_vertical_length_tablet=\u00bb0px\u00bb header_3_text_shadow_blur_strength=\u00bbheader_3_text_shadow_style,%91object Object%93&#8243; header_3_text_shadow_blur_strength_tablet=\u00bb1px\u00bb header_4_text_shadow_horizontal_length=\u00bbheader_4_text_shadow_style,%91object Object%93&#8243; header_4_text_shadow_horizontal_length_tablet=\u00bb0px\u00bb header_4_text_shadow_vertical_length=\u00bbheader_4_text_shadow_style,%91object Object%93&#8243; header_4_text_shadow_vertical_length_tablet=\u00bb0px\u00bb header_4_text_shadow_blur_strength=\u00bbheader_4_text_shadow_style,%91object Object%93&#8243; header_4_text_shadow_blur_strength_tablet=\u00bb1px\u00bb header_5_text_shadow_horizontal_length=\u00bbheader_5_text_shadow_style,%91object Object%93&#8243; header_5_text_shadow_horizontal_length_tablet=\u00bb0px\u00bb header_5_text_shadow_vertical_length=\u00bbheader_5_text_shadow_style,%91object Object%93&#8243; header_5_text_shadow_vertical_length_tablet=\u00bb0px\u00bb header_5_text_shadow_blur_strength=\u00bbheader_5_text_shadow_style,%91object Object%93&#8243; header_5_text_shadow_blur_strength_tablet=\u00bb1px\u00bb header_6_text_shadow_horizontal_length=\u00bbheader_6_text_shadow_style,%91object Object%93&#8243; header_6_text_shadow_horizontal_length_tablet=\u00bb0px\u00bb header_6_text_shadow_vertical_length=\u00bbheader_6_text_shadow_style,%91object Object%93&#8243; header_6_text_shadow_vertical_length_tablet=\u00bb0px\u00bb header_6_text_shadow_blur_strength=\u00bbheader_6_text_shadow_style,%91object Object%93&#8243; header_6_text_shadow_blur_strength_tablet=\u00bb1px\u00bb box_shadow_horizontal_tablet=\u00bb0px\u00bb box_shadow_vertical_tablet=\u00bb0px\u00bb box_shadow_blur_tablet=\u00bb40px\u00bb box_shadow_spread_tablet=\u00bb0px\u00bb vertical_offset_tablet=\u00bb0&#8243; horizontal_offset_tablet=\u00bb0&#8243; z_index_tablet=\u00bb0&#8243;]<\/p>\n<p><span style=\"font-weight: 400;\">Con m\u00e1s de 20 a\u00f1os de experiencia, <\/span><b>soy un apasionado en la Transformaci\u00f3n Digital, el Desarrollo Web y el Dise\u00f1o Digital<\/b><span style=\"font-weight: 400;\">. He tenido la oportunidad de trabajar con una variedad de clientes, incluyendo empresas en Estados Unidos, M\u00e9xico y el \u00e1rea Latinoamericana como National Geographic, Subway, Bridgestone\/Firestone, Dish Puerto Rico, Cemex, AUDI, BMW, Espirito Santo Bank, BBVA, Bank of America, First Bank, Axtel, Pfizer, Levi&#8217;s, Walmart, y muchos otros. He completado con \u00e9xito m\u00e1s de 200 proyectos para m\u00e1s de 170 clientes en todo el mundo\u00a0 y he acumulado m\u00e1s de 25 a\u00f1os de experiencia trabajando en diferentes pa\u00edses.<\/span><\/p>\n<p>[\/et_pb_text][et_pb_button admin_label=\u00bbBOTON CONTACTO\u00bb button_url=\u00bbhttp:\/\/hablemosnet.work\/contacto\/\u00bb button_text=\u00bb\u00a1Hablemos!\u00bb _builder_version=\u00bb4.21.0&#8243; custom_button=\u00bbon\u00bb button_text_size=\u00bb13px\u00bb button_text_color=\u00bb#000000&#8243; button_bg_color=\u00bb#ffff00&#8243; button_border_width=\u00bb0px\u00bb button_border_radius=\u00bb5px\u00bb button_font=\u00bbQuicksand|300|||||||\u00bb button_icon=\u00bb%%20%%\u00bb button_icon_color=\u00bb#000000&#8243; vertical_offset_tablet=\u00bb0&#8243; horizontal_offset_tablet=\u00bb0&#8243; z_index_tablet=\u00bb0&#8243; button_text_shadow_horizontal_length_tablet=\u00bb0px\u00bb button_text_shadow_vertical_length_tablet=\u00bb0px\u00bb button_text_shadow_blur_strength_tablet=\u00bb1px\u00bb box_shadow_horizontal_tablet=\u00bb0px\u00bb box_shadow_vertical_tablet=\u00bb0px\u00bb box_shadow_blur_tablet=\u00bb40px\u00bb box_shadow_spread_tablet=\u00bb0px\u00bb saved_tabs=\u00bball\u00bb global_colors_info=\u00bb{}\u00bb]<\/p>\n<p><\/p>\n<p>[\/et_pb_button][\/et_pb_column][\/et_pb_row][\/et_pb_section]<\/p>\n","protected":false},"excerpt":{"rendered":"<p>Nos apasiona fomentar conversaciones y ofrecer servicios para ayudar a las marcas a construir un mercado emocional para sus productos. A trav\u00e9s de nuestras comunidades digitales, mantenemos una actualizaci\u00f3n constante sobre las \u00faltimas tendencias y opiniones. Creamos experiencias digitales que aumentan significativamente la visibilidad y posicionamiento de tu marca en el mercado latinoamericano. Arturo CivitChief [&hellip;]<\/p>\n","protected":false},"author":1,"featured_media":0,"parent":0,"menu_order":0,"comment_status":"closed","ping_status":"closed","template":"","meta":{"_et_pb_use_builder":"on","_et_pb_old_content":"","_et_gb_content_width":"","footnotes":""},"class_list":["post-62","page","type-page","status-publish","hentry"],"yoast_head":"<!-- This site is optimized with the Yoast SEO plugin v27.1.1 - https:\/\/yoast.com\/product\/yoast-seo-wordpress\/ -->\n<title>Impulsamos Marcas. Transformamos Negocios<\/title>\n<meta name=\"description\" content=\"Creamos experiencias digitales que aumentan significativamente la visibilidad y posicionamiento de tu marca en el mercado latinoamericano.\" \/>\n<meta name=\"robots\" content=\"index, follow, max-snippet:-1, max-image-preview:large, max-video-preview:-1\" \/>\n<link rel=\"canonical\" href=\"https:\/\/hablemosnet.work\/en\/quienes-somos\/\" \/>\n<meta property=\"og:locale\" content=\"en_US\" \/>\n<meta property=\"og:type\" content=\"article\" \/>\n<meta property=\"og:title\" content=\"Impulsamos Marcas. Transformamos Negocios\" \/>\n<meta property=\"og:description\" content=\"Creamos experiencias digitales que aumentan significativamente la visibilidad y posicionamiento de tu marca en el mercado latinoamericano.\" \/>\n<meta property=\"og:url\" content=\"https:\/\/hablemosnet.work\/en\/quienes-somos\/\" \/>\n<meta property=\"og:site_name\" content=\"Hablemos Network. Agencia de Marketing Digital.\" \/>\n<meta property=\"article:publisher\" content=\"https:\/\/www.facebook.com\/thenewmediastudio\/\" \/>\n<meta property=\"article:modified_time\" content=\"2024-05-21T16:09:03+00:00\" \/>\n<meta name=\"twitter:card\" content=\"summary_large_image\" \/>\n<meta name=\"twitter:label1\" content=\"Est. reading time\" \/>\n\t<meta name=\"twitter:data1\" content=\"1 minute\" \/>\n<script type=\"application\/ld+json\" class=\"yoast-schema-graph\">{\"@context\":\"https:\/\/schema.org\",\"@graph\":[{\"@type\":\"WebPage\",\"@id\":\"https:\/\/hablemosnet.work\/quienes-somos\/\",\"url\":\"https:\/\/hablemosnet.work\/quienes-somos\/\",\"name\":\"Impulsamos Marcas. Transformamos Negocios\",\"isPartOf\":{\"@id\":\"https:\/\/hablemosnet.work\/#website\"},\"datePublished\":\"2022-07-08T14:45:14+00:00\",\"dateModified\":\"2024-05-21T16:09:03+00:00\",\"description\":\"Creamos experiencias digitales que aumentan significativamente la visibilidad y posicionamiento de tu marca en el mercado latinoamericano.\",\"breadcrumb\":{\"@id\":\"https:\/\/hablemosnet.work\/quienes-somos\/#breadcrumb\"},\"inLanguage\":\"en-US\",\"potentialAction\":[{\"@type\":\"ReadAction\",\"target\":[\"https:\/\/hablemosnet.work\/quienes-somos\/\"]}]},{\"@type\":\"BreadcrumbList\",\"@id\":\"https:\/\/hablemosnet.work\/quienes-somos\/#breadcrumb\",\"itemListElement\":[{\"@type\":\"ListItem\",\"position\":1,\"name\":\"Portada\",\"item\":\"https:\/\/hablemosnet.work\/\"},{\"@type\":\"ListItem\",\"position\":2,\"name\":\"\u00bfQUI\u00c9NES SOMOS?\"}]},{\"@type\":\"WebSite\",\"@id\":\"https:\/\/hablemosnet.work\/#website\",\"url\":\"https:\/\/hablemosnet.work\/\",\"name\":\"Hablemos Network. Agencia de Marketing Digital.\",\"description\":\"Ofrecemos experiencias de alto valor, conexiones emocionales y conversaciones relevantes entre  marcas y los usuarios en Am\u00e9rica Latina.\",\"publisher\":{\"@id\":\"https:\/\/hablemosnet.work\/#organization\"},\"potentialAction\":[{\"@type\":\"SearchAction\",\"target\":{\"@type\":\"EntryPoint\",\"urlTemplate\":\"https:\/\/hablemosnet.work\/?s={search_term_string}\"},\"query-input\":{\"@type\":\"PropertyValueSpecification\",\"valueRequired\":true,\"valueName\":\"search_term_string\"}}],\"inLanguage\":\"en-US\"},{\"@type\":\"Organization\",\"@id\":\"https:\/\/hablemosnet.work\/#organization\",\"name\":\"THE NEWMEDIASTUDIO\",\"url\":\"https:\/\/hablemosnet.work\/\",\"logo\":{\"@type\":\"ImageObject\",\"inLanguage\":\"en-US\",\"@id\":\"https:\/\/hablemosnet.work\/#\/schema\/logo\/image\/\",\"url\":\"http:\/\/hablemosnet.work\/wp-content\/uploads\/2022\/07\/fav.png\",\"contentUrl\":\"http:\/\/hablemosnet.work\/wp-content\/uploads\/2022\/07\/fav.png\",\"width\":442,\"height\":442,\"caption\":\"THE NEWMEDIASTUDIO\"},\"image\":{\"@id\":\"https:\/\/hablemosnet.work\/#\/schema\/logo\/image\/\"},\"sameAs\":[\"https:\/\/www.facebook.com\/thenewmediastudio\/\",\"https:\/\/www.instagram.com\/thenewmediastudio\/\",\"https:\/\/www.linkedin.com\/in\/arturocivit\"]}]}<\/script>\n<!-- \/ Yoast SEO plugin. -->","yoast_head_json":{"title":"Impulsamos Marcas. Transformamos Negocios","description":"Creamos experiencias digitales que aumentan significativamente la visibilidad y posicionamiento de tu marca en el mercado latinoamericano.","robots":{"index":"index","follow":"follow","max-snippet":"max-snippet:-1","max-image-preview":"max-image-preview:large","max-video-preview":"max-video-preview:-1"},"canonical":"https:\/\/hablemosnet.work\/en\/quienes-somos\/","og_locale":"en_US","og_type":"article","og_title":"Impulsamos Marcas. Transformamos Negocios","og_description":"Creamos experiencias digitales que aumentan significativamente la visibilidad y posicionamiento de tu marca en el mercado latinoamericano.","og_url":"https:\/\/hablemosnet.work\/en\/quienes-somos\/","og_site_name":"Hablemos Network. Agencia de Marketing Digital.","article_publisher":"https:\/\/www.facebook.com\/thenewmediastudio\/","article_modified_time":"2024-05-21T16:09:03+00:00","twitter_card":"summary_large_image","twitter_misc":{"Est. reading time":"1 minute"},"schema":{"@context":"https:\/\/schema.org","@graph":[{"@type":"WebPage","@id":"https:\/\/hablemosnet.work\/quienes-somos\/","url":"https:\/\/hablemosnet.work\/quienes-somos\/","name":"Impulsamos Marcas. Transformamos Negocios","isPartOf":{"@id":"https:\/\/hablemosnet.work\/#website"},"datePublished":"2022-07-08T14:45:14+00:00","dateModified":"2024-05-21T16:09:03+00:00","description":"Creamos experiencias digitales que aumentan significativamente la visibilidad y posicionamiento de tu marca en el mercado latinoamericano.","breadcrumb":{"@id":"https:\/\/hablemosnet.work\/quienes-somos\/#breadcrumb"},"inLanguage":"en-US","potentialAction":[{"@type":"ReadAction","target":["https:\/\/hablemosnet.work\/quienes-somos\/"]}]},{"@type":"BreadcrumbList","@id":"https:\/\/hablemosnet.work\/quienes-somos\/#breadcrumb","itemListElement":[{"@type":"ListItem","position":1,"name":"Portada","item":"https:\/\/hablemosnet.work\/"},{"@type":"ListItem","position":2,"name":"\u00bfQUI\u00c9NES SOMOS?"}]},{"@type":"WebSite","@id":"https:\/\/hablemosnet.work\/#website","url":"https:\/\/hablemosnet.work\/","name":"Hablemos Network. Agencia de Marketing Digital.","description":"Ofrecemos experiencias de alto valor, conexiones emocionales y conversaciones relevantes entre  marcas y los usuarios en Am\u00e9rica Latina.","publisher":{"@id":"https:\/\/hablemosnet.work\/#organization"},"potentialAction":[{"@type":"SearchAction","target":{"@type":"EntryPoint","urlTemplate":"https:\/\/hablemosnet.work\/?s={search_term_string}"},"query-input":{"@type":"PropertyValueSpecification","valueRequired":true,"valueName":"search_term_string"}}],"inLanguage":"en-US"},{"@type":"Organization","@id":"https:\/\/hablemosnet.work\/#organization","name":"THE NEWMEDIASTUDIO","url":"https:\/\/hablemosnet.work\/","logo":{"@type":"ImageObject","inLanguage":"en-US","@id":"https:\/\/hablemosnet.work\/#\/schema\/logo\/image\/","url":"http:\/\/hablemosnet.work\/wp-content\/uploads\/2022\/07\/fav.png","contentUrl":"http:\/\/hablemosnet.work\/wp-content\/uploads\/2022\/07\/fav.png","width":442,"height":442,"caption":"THE NEWMEDIASTUDIO"},"image":{"@id":"https:\/\/hablemosnet.work\/#\/schema\/logo\/image\/"},"sameAs":["https:\/\/www.facebook.com\/thenewmediastudio\/","https:\/\/www.instagram.com\/thenewmediastudio\/","https:\/\/www.linkedin.com\/in\/arturocivit"]}]}},"_links":{"self":[{"href":"https:\/\/hablemosnet.work\/en\/wp-json\/wp\/v2\/pages\/62","targetHints":{"allow":["GET"]}}],"collection":[{"href":"https:\/\/hablemosnet.work\/en\/wp-json\/wp\/v2\/pages"}],"about":[{"href":"https:\/\/hablemosnet.work\/en\/wp-json\/wp\/v2\/types\/page"}],"author":[{"embeddable":true,"href":"https:\/\/hablemosnet.work\/en\/wp-json\/wp\/v2\/users\/1"}],"replies":[{"embeddable":true,"href":"https:\/\/hablemosnet.work\/en\/wp-json\/wp\/v2\/comments?post=62"}],"version-history":[{"count":49,"href":"https:\/\/hablemosnet.work\/en\/wp-json\/wp\/v2\/pages\/62\/revisions"}],"predecessor-version":[{"id":880,"href":"https:\/\/hablemosnet.work\/en\/wp-json\/wp\/v2\/pages\/62\/revisions\/880"}],"wp:attachment":[{"href":"https:\/\/hablemosnet.work\/en\/wp-json\/wp\/v2\/media?parent=62"}],"curies":[{"name":"wp","href":"https:\/\/api.w.org\/{rel}","templated":true}]}}