{"id":846,"date":"2023-10-09T22:37:45","date_gmt":"2023-10-10T02:37:45","guid":{"rendered":"http:\/\/hablemosnet.work\/?page_id=846"},"modified":"2023-10-09T23:31:17","modified_gmt":"2023-10-10T03:31:17","slug":"nuestros-valores-corporativos","status":"publish","type":"page","link":"https:\/\/hablemosnet.work\/en\/quienes-somos\/nuestros-valores-corporativos\/","title":{"rendered":"VALORES CORPORATIVOS"},"content":{"rendered":"<p>[et_pb_section fb_built=\u00bb1&#8243; fullwidth=\u00bbon\u00bb _builder_version=\u00bb4.17.4&#8243; vertical_offset_tablet=\u00bb0&#8243; horizontal_offset_tablet=\u00bb0&#8243; box_shadow_horizontal_tablet=\u00bb0px\u00bb box_shadow_vertical_tablet=\u00bb0px\u00bb box_shadow_blur_tablet=\u00bb40px\u00bb box_shadow_spread_tablet=\u00bb0px\u00bb global_colors_info=\u00bb{}\u00bb][et_pb_fullwidth_header title=\u00bbNuestros Valores Corporativos\u00bb subhead=\u00bbNuestros valores corporativos nos gu\u00edan en nuestro d\u00eda a d\u00eda y nos ayudan a tomar las mejores decisiones para nuestros clientes, empleados y socios comerciales.\u00bb header_fullscreen=\u00bbon\u00bb header_scroll_down=\u00bbon\u00bb scroll_down_icon=\u00bb%%1%%\u00bb scroll_down_icon_color=\u00bb#ffffff\u00bb scroll_down_icon_size=\u00bb20px\u00bb button_one_url=\u00bb\/portafolio\/\u00bb button_two_url=\u00bb\/valores-corporativos\/\u00bb content_max_width=\u00bb750px\u00bb _builder_version=\u00bb4.22.2&#8243; title_font=\u00bbQuicksand|300|||||||\u00bb title_text_align=\u00bbleft\u00bb title_text_color=\u00bb#ffffff\u00bb title_font_size=\u00bb2.8em\u00bb content_font=\u00bbQuicksand|300|||||||\u00bb content_text_align=\u00bbleft\u00bb content_text_color=\u00bb#ffffff\u00bb content_font_size=\u00bb1.2em\u00bb content_line_height=\u00bb1.6em\u00bb subhead_font=\u00bbQuicksand||||||||\u00bb subhead_text_align=\u00bbleft\u00bb subhead_text_color=\u00bb#ffffff\u00bb subhead_font_size=\u00bb19px\u00bb background_color=\u00bb#302b27&#8243; background_image=\u00bbhttp:\/\/hablemosnet.work\/wp-content\/uploads\/2023\/06\/fonos-sitio4.jpg\u00bb custom_button_one=\u00bbon\u00bb button_one_text_size=\u00bb13px\u00bb button_one_text_color=\u00bb#000000&#8243; button_one_bg_color=\u00bb#ffff00&#8243; button_one_border_width=\u00bb0px\u00bb button_one_border_color=\u00bb#303030&#8243; button_one_border_radius=\u00bb5px\u00bb button_one_font=\u00bbQuicksand|300|||||||\u00bb button_one_icon=\u00bb%%20%%\u00bb button_one_icon_color=\u00bb#000000&#8243; custom_button_two=\u00bbon\u00bb button_two_text_size=\u00bb13px\u00bb button_two_text_color=\u00bb#000000&#8243; button_two_bg_color=\u00bb#ffff00&#8243; button_two_border_width=\u00bb0px\u00bb button_two_border_color=\u00bb#303030&#8243; button_two_border_radius=\u00bb5px\u00bb button_two_font=\u00bbQuicksand|300|||||||\u00bb button_two_icon=\u00bb%%20%%\u00bb button_two_icon_color=\u00bb#000000&#8243; vertical_offset_tablet=\u00bb0&#8243; horizontal_offset_tablet=\u00bb0&#8243; title_font_size_tablet=\u00bb2.6em\u00bb title_font_size_phone=\u00bb1.5em\u00bb title_font_size_last_edited=\u00bbon|phone\u00bb content_font_size_tablet=\u00bb1&#8243; content_font_size_phone=\u00bb0.9em\u00bb content_font_size_last_edited=\u00bbon|phone\u00bb subhead_font_size_tablet=\u00bb18px\u00bb subhead_font_size_phone=\u00bb13px\u00bb subhead_font_size_last_edited=\u00bbon|desktop\u00bb z_index_tablet=\u00bb0&#8243; title_text_shadow_horizontal_length_tablet=\u00bb0px\u00bb title_text_shadow_vertical_length_tablet=\u00bb0px\u00bb title_text_shadow_blur_strength_tablet=\u00bb1px\u00bb content_text_shadow_horizontal_length_tablet=\u00bb0px\u00bb content_text_shadow_vertical_length_tablet=\u00bb0px\u00bb content_text_shadow_blur_strength_tablet=\u00bb1px\u00bb subhead_text_shadow_horizontal_length_tablet=\u00bb0px\u00bb subhead_text_shadow_vertical_length_tablet=\u00bb0px\u00bb subhead_text_shadow_blur_strength_tablet=\u00bb1px\u00bb content_link_text_shadow_horizontal_length_tablet=\u00bb0px\u00bb content_link_text_shadow_vertical_length_tablet=\u00bb0px\u00bb content_link_text_shadow_blur_strength_tablet=\u00bb1px\u00bb content_ul_text_shadow_horizontal_length_tablet=\u00bb0px\u00bb content_ul_text_shadow_vertical_length_tablet=\u00bb0px\u00bb content_ul_text_shadow_blur_strength_tablet=\u00bb1px\u00bb content_ol_text_shadow_horizontal_length_tablet=\u00bb0px\u00bb content_ol_text_shadow_vertical_length_tablet=\u00bb0px\u00bb content_ol_text_shadow_blur_strength_tablet=\u00bb1px\u00bb content_quote_text_shadow_horizontal_length_tablet=\u00bb0px\u00bb content_quote_text_shadow_vertical_length_tablet=\u00bb0px\u00bb content_quote_text_shadow_blur_strength_tablet=\u00bb1px\u00bb button_one_text_shadow_horizontal_length_tablet=\u00bb0px\u00bb button_one_text_shadow_vertical_length_tablet=\u00bb0px\u00bb button_one_text_shadow_blur_strength_tablet=\u00bb1px\u00bb button_two_text_shadow_horizontal_length_tablet=\u00bb0px\u00bb button_two_text_shadow_vertical_length_tablet=\u00bb0px\u00bb button_two_text_shadow_blur_strength_tablet=\u00bb1px\u00bb box_shadow_horizontal_tablet=\u00bb0px\u00bb box_shadow_vertical_tablet=\u00bb0px\u00bb box_shadow_blur_tablet=\u00bb40px\u00bb box_shadow_spread_tablet=\u00bb0px\u00bb box_shadow_horizontal_image_tablet=\u00bb0px\u00bb box_shadow_vertical_image_tablet=\u00bb0px\u00bb box_shadow_blur_image_tablet=\u00bb40px\u00bb box_shadow_spread_image_tablet=\u00bb0px\u00bb box_shadow_horizontal_button_one_tablet=\u00bb0px\u00bb box_shadow_vertical_button_one_tablet=\u00bb0px\u00bb box_shadow_blur_button_one_tablet=\u00bb40px\u00bb box_shadow_spread_button_one_tablet=\u00bb0px\u00bb box_shadow_horizontal_button_two_tablet=\u00bb0px\u00bb box_shadow_vertical_button_two_tablet=\u00bb0px\u00bb box_shadow_blur_button_two_tablet=\u00bb40px\u00bb box_shadow_spread_button_two_tablet=\u00bb0px\u00bb text_shadow_horizontal_length_tablet=\u00bb0px\u00bb text_shadow_vertical_length_tablet=\u00bb0px\u00bb text_shadow_blur_strength_tablet=\u00bb1px\u00bb global_colors_info=\u00bb{}\u00bb]<\/p>\n<p><strong>Hablemos Network<\/strong> es una agencia que se basa en los valores de la excelencia, la innovaci\u00f3n y la responsabilidad social. Estos valores gu\u00edan nuestras acciones y nos ayudan a crear <strong>productos y servicios de alta calidad<\/strong> que beneficien a nuestros clientes y a la sociedad en general.<\/p>\n<p>[\/et_pb_fullwidth_header][\/et_pb_section][et_pb_section fb_built=\u00bb1&#8243; admin_label=\u00bbFeature\u00bb _builder_version=\u00bb4.22.2&#8243; _module_preset=\u00bbdefault\u00bb background_color=\u00bbgcid-8020c5c5-3063-43d3-92c5-9fcdd948cb76&#8243; use_background_color_gradient=\u00bbon\u00bb background_color_gradient_type=\u00bbcircular\u00bb background_color_gradient_direction_radial=\u00bbleft\u00bb background_color_gradient_stops=\u00bbrgba(0,192,206,0.23) 0%|rgba(255,255,255,0) 25%\u00bb custom_padding=\u00bb0px||1px|||\u00bb collapsed=\u00bboff\u00bb global_colors_info=\u00bb{%22gcid-8020c5c5-3063-43d3-92c5-9fcdd948cb76%22:%91%22background_color%22%93}\u00bb background__hover_enabled=\u00bboff|desktop\u00bb][et_pb_row column_structure=\u00bb1_2,1_2&#8243; _builder_version=\u00bb4.22.2&#8243; _module_preset=\u00bbdefault\u00bb custom_padding=\u00bb||1px|||\u00bb global_colors_info=\u00bb{}\u00bb][et_pb_column type=\u00bb1_2&#8243; _builder_version=\u00bb4.21.0&#8243; _module_preset=\u00bbdefault\u00bb custom_padding=\u00bb8vw||8vw||true|false\u00bb global_colors_info=\u00bb{}\u00bb][et_pb_text _builder_version=\u00bb4.22.2&#8243; _module_preset=\u00bbfc9fe3db-b321-45e8-ba46-2aac9a51678a\u00bb text_font=\u00bbQuicksand||||||||\u00bb text_text_color=\u00bbrgba(255,255,255,0.7)\u00bb header_5_font=\u00bbQuicksand|700|||||||\u00bb header_5_text_color=\u00bb#ffff00&#8243; header_5_font_size=\u00bb20px\u00bb vertical_offset_tablet=\u00bb0&#8243; horizontal_offset_tablet=\u00bb0&#8243; custom_margin=\u00bb||-9px|||\u00bb z_index_tablet=\u00bb0&#8243; text_text_shadow_horizontal_length_tablet=\u00bb0px\u00bb text_text_shadow_vertical_length_tablet=\u00bb0px\u00bb text_text_shadow_blur_strength_tablet=\u00bb1px\u00bb link_text_shadow_horizontal_length_tablet=\u00bb0px\u00bb link_text_shadow_vertical_length_tablet=\u00bb0px\u00bb link_text_shadow_blur_strength_tablet=\u00bb1px\u00bb ul_text_shadow_horizontal_length_tablet=\u00bb0px\u00bb ul_text_shadow_vertical_length_tablet=\u00bb0px\u00bb ul_text_shadow_blur_strength_tablet=\u00bb1px\u00bb ol_text_shadow_horizontal_length_tablet=\u00bb0px\u00bb ol_text_shadow_vertical_length_tablet=\u00bb0px\u00bb ol_text_shadow_blur_strength_tablet=\u00bb1px\u00bb quote_text_shadow_horizontal_length_tablet=\u00bb0px\u00bb quote_text_shadow_vertical_length_tablet=\u00bb0px\u00bb quote_text_shadow_blur_strength_tablet=\u00bb1px\u00bb header_text_shadow_horizontal_length_tablet=\u00bb0px\u00bb header_text_shadow_vertical_length_tablet=\u00bb0px\u00bb header_text_shadow_blur_strength_tablet=\u00bb1px\u00bb header_2_text_shadow_horizontal_length_tablet=\u00bb0px\u00bb header_2_text_shadow_vertical_length_tablet=\u00bb0px\u00bb header_2_text_shadow_blur_strength_tablet=\u00bb1px\u00bb header_3_text_shadow_horizontal_length_tablet=\u00bb0px\u00bb header_3_text_shadow_vertical_length_tablet=\u00bb0px\u00bb header_3_text_shadow_blur_strength_tablet=\u00bb1px\u00bb header_4_text_shadow_horizontal_length_tablet=\u00bb0px\u00bb header_4_text_shadow_vertical_length_tablet=\u00bb0px\u00bb header_4_text_shadow_blur_strength_tablet=\u00bb1px\u00bb header_5_text_shadow_horizontal_length_tablet=\u00bb0px\u00bb header_5_text_shadow_vertical_length_tablet=\u00bb0px\u00bb header_5_text_shadow_blur_strength_tablet=\u00bb1px\u00bb header_6_text_shadow_horizontal_length_tablet=\u00bb0px\u00bb header_6_text_shadow_vertical_length_tablet=\u00bb0px\u00bb header_6_text_shadow_blur_strength_tablet=\u00bb1px\u00bb box_shadow_horizontal_tablet=\u00bb0px\u00bb box_shadow_vertical_tablet=\u00bb0px\u00bb box_shadow_blur_tablet=\u00bb40px\u00bb box_shadow_spread_tablet=\u00bb0px\u00bb global_colors_info=\u00bb{}\u00bb]<\/p>\n<h5>Nuestra <strong>Misi\u00f3n<\/strong>:<\/h5>\n<p>Crear <strong>Productos Digitales Poderosos<\/strong> que acercan personas y marcas, generan influencia y brindan <strong>Experiencias de Usuarios<\/strong> innovadoras.<\/p>\n<h5>Nuestra <strong>Visi\u00f3n<\/strong>:<\/h5>\n<p>Ser un <strong>socio colaborativo<\/strong> para marcas que buscan <strong>transformaci\u00f3n y crecimiento <\/strong>utilizando datos, tecnolog\u00eda y an\u00e1lisis para definir mejor las audiencias de los clientes y los recorridos que realizan. Ayudamos a <strong>descubrir lo que hace \u00fanica<\/strong> a cada marca en todas las plataformas y puntos de contacto.<\/p>\n<h5>Nuestros <strong>Valores<\/strong>:<\/h5>\n<p><strong>Acercar<\/strong> las marcas a las <strong>comunidades latinoamericanas<\/strong> en torno al uso del lenguaje y sus variaciones locales. Generar una <strong>exposici\u00f3n comunitaria<\/strong> y ayudar a la creaci\u00f3n de <strong>nuevas formas de compensaci\u00f3n <\/strong>para los usuarios como reconocimiento social, exposici\u00f3n a las marcas, etc.<\/p>\n<p>[\/et_pb_text][et_pb_divider show_divider=\u00bboff\u00bb _builder_version=\u00bb4.22.2&#8243; vertical_offset_tablet=\u00bb0&#8243; horizontal_offset_tablet=\u00bb0&#8243; height=\u00bb20px\u00bb z_index_tablet=\u00bb0&#8243; box_shadow_horizontal_tablet=\u00bb0px\u00bb box_shadow_vertical_tablet=\u00bb0px\u00bb box_shadow_blur_tablet=\u00bb40px\u00bb box_shadow_spread_tablet=\u00bb0px\u00bb global_colors_info=\u00bb{}\u00bb][\/et_pb_divider][et_pb_button button_url=\u00bbhttp:\/\/hablemosnet.work\/contacto\/\u00bb button_text=\u00bb\u00a1Hablemos!\u00bb admin_label=\u00bbBOTON CONTACTO\u00bb _builder_version=\u00bb4.21.0&#8243; custom_button=\u00bbon\u00bb button_text_size=\u00bb13px\u00bb button_text_color=\u00bb#000000&#8243; button_bg_color=\u00bb#ffff00&#8243; button_border_width=\u00bb0px\u00bb button_border_radius=\u00bb5px\u00bb button_font=\u00bbQuicksand|300|||||||\u00bb button_icon=\u00bb%%20%%\u00bb button_icon_color=\u00bb#000000&#8243; vertical_offset_tablet=\u00bb0&#8243; horizontal_offset_tablet=\u00bb0&#8243; z_index_tablet=\u00bb0&#8243; button_text_shadow_horizontal_length_tablet=\u00bb0px\u00bb button_text_shadow_vertical_length_tablet=\u00bb0px\u00bb button_text_shadow_blur_strength_tablet=\u00bb1px\u00bb box_shadow_horizontal_tablet=\u00bb0px\u00bb box_shadow_vertical_tablet=\u00bb0px\u00bb box_shadow_blur_tablet=\u00bb40px\u00bb box_shadow_spread_tablet=\u00bb0px\u00bb saved_tabs=\u00bball\u00bb global_colors_info=\u00bb{}\u00bb]<br \/>\n[\/et_pb_button][\/et_pb_column][et_pb_column type=\u00bb1_2&#8243; _builder_version=\u00bb4.21.0&#8243; _module_preset=\u00bbdefault\u00bb global_colors_info=\u00bb{}\u00bb][et_pb_image src=\u00bbhttp:\/\/hablemosnet.work\/wp-content\/uploads\/2023\/10\/values-jpg.webp\u00bb alt=\u00bbHablemos Network &#8211; Somos la nueva generaci\u00f3n de Agencias de Marketing Integral Digital, que ofrece experiencias de alto valor, conexiones emocionales y conversaciones relevantes entre las marcas y los usuarios en Am\u00e9rica Latina.\u00bb title_text=\u00bbHablemos Network &#8211; Somos la nueva generaci\u00f3n de Agencias de Marketing Integral Digital, que ofrece experiencias de alto valor, conexiones emocionales y conversaciones relevantes entre las marcas y los usuarios en Am\u00e9rica Latina.\u00bb disabled_on=\u00bbon||\u00bb _builder_version=\u00bb4.22.2&#8243; _module_preset=\u00bbdefault\u00bb vertical_offset_tablet=\u00bb0&#8243; horizontal_offset_tablet=\u00bb0&#8243; custom_margin=\u00bb|-8vw|||false|false\u00bb custom_margin_tablet=\u00bb|0vw|||false|false\u00bb custom_margin_phone=\u00bb\u00bb custom_margin_last_edited=\u00bbon|tablet\u00bb z_index_tablet=\u00bb0&#8243; border_radii=\u00bbon|30px|30px|30px|30px\u00bb box_shadow_horizontal_tablet=\u00bb0px\u00bb box_shadow_vertical_tablet=\u00bb0px\u00bb box_shadow_blur_tablet=\u00bb40px\u00bb box_shadow_spread_tablet=\u00bb0px\u00bb global_colors_info=\u00bb{}\u00bb]<br \/>\n[\/et_pb_image][et_pb_divider _builder_version=\u00bb4.22.2&#8243; _module_preset=\u00bbdefault\u00bb show_divider=\u00bboff\u00bb height=\u00bb30px\u00bb hover_enabled=\u00bb0&#8243; sticky_enabled=\u00bb0&#8243;][\/et_pb_divider][\/et_pb_column][\/et_pb_row][\/et_pb_section]<\/p>\n","protected":false},"excerpt":{"rendered":"<p>Hablemos Network es una agencia que se basa en los valores de la excelencia, la innovaci\u00f3n y la responsabilidad social. Estos valores gu\u00edan nuestras acciones y nos ayudan a crear productos y servicios de alta calidad que beneficien a nuestros clientes y a la sociedad en general. Nuestra Misi\u00f3n: Crear Productos Digitales Poderosos que acercan [&hellip;]<\/p>\n","protected":false},"author":1,"featured_media":0,"parent":62,"menu_order":0,"comment_status":"closed","ping_status":"closed","template":"","meta":{"_et_pb_use_builder":"on","_et_pb_old_content":"","_et_gb_content_width":"","footnotes":""},"class_list":["post-846","page","type-page","status-publish","hentry"],"yoast_head":"<!-- This site is optimized with the Yoast SEO plugin v27.1.1 - https:\/\/yoast.com\/product\/yoast-seo-wordpress\/ -->\n<title>Impulsamos Marcas. Transformamos Negocios<\/title>\n<meta name=\"description\" content=\"Creamos experiencias digitales que aumentan significativamente la visibilidad y posicionamiento de tu marca en el mercado latinoamericano.\" \/>\n<meta name=\"robots\" content=\"index, follow, max-snippet:-1, max-image-preview:large, max-video-preview:-1\" \/>\n<link rel=\"canonical\" href=\"https:\/\/hablemosnet.work\/en\/quienes-somos\/nuestros-valores-corporativos\/\" \/>\n<meta property=\"og:locale\" content=\"en_US\" \/>\n<meta property=\"og:type\" content=\"article\" \/>\n<meta property=\"og:title\" content=\"Impulsamos Marcas. Transformamos Negocios\" \/>\n<meta property=\"og:description\" content=\"Creamos experiencias digitales que aumentan significativamente la visibilidad y posicionamiento de tu marca en el mercado latinoamericano.\" \/>\n<meta property=\"og:url\" content=\"https:\/\/hablemosnet.work\/en\/quienes-somos\/nuestros-valores-corporativos\/\" \/>\n<meta property=\"og:site_name\" content=\"Hablemos Network. Agencia de Marketing Digital.\" \/>\n<meta property=\"article:publisher\" content=\"https:\/\/www.facebook.com\/thenewmediastudio\/\" \/>\n<meta property=\"article:modified_time\" content=\"2023-10-10T03:31:17+00:00\" \/>\n<meta name=\"twitter:card\" content=\"summary_large_image\" \/>\n<meta name=\"twitter:label1\" content=\"Est. reading time\" \/>\n\t<meta name=\"twitter:data1\" content=\"3 minutes\" \/>\n<script type=\"application\/ld+json\" class=\"yoast-schema-graph\">{\"@context\":\"https:\/\/schema.org\",\"@graph\":[{\"@type\":\"WebPage\",\"@id\":\"https:\/\/hablemosnet.work\/quienes-somos\/nuestros-valores-corporativos\/\",\"url\":\"https:\/\/hablemosnet.work\/quienes-somos\/nuestros-valores-corporativos\/\",\"name\":\"Impulsamos Marcas. Transformamos Negocios\",\"isPartOf\":{\"@id\":\"https:\/\/hablemosnet.work\/#website\"},\"datePublished\":\"2023-10-10T02:37:45+00:00\",\"dateModified\":\"2023-10-10T03:31:17+00:00\",\"description\":\"Creamos experiencias digitales que aumentan significativamente la visibilidad y posicionamiento de tu marca en el mercado latinoamericano.\",\"breadcrumb\":{\"@id\":\"https:\/\/hablemosnet.work\/quienes-somos\/nuestros-valores-corporativos\/#breadcrumb\"},\"inLanguage\":\"en-US\",\"potentialAction\":[{\"@type\":\"ReadAction\",\"target\":[\"https:\/\/hablemosnet.work\/quienes-somos\/nuestros-valores-corporativos\/\"]}]},{\"@type\":\"BreadcrumbList\",\"@id\":\"https:\/\/hablemosnet.work\/quienes-somos\/nuestros-valores-corporativos\/#breadcrumb\",\"itemListElement\":[{\"@type\":\"ListItem\",\"position\":1,\"name\":\"Portada\",\"item\":\"https:\/\/hablemosnet.work\/\"},{\"@type\":\"ListItem\",\"position\":2,\"name\":\"\u00bfQUI\u00c9NES SOMOS?\",\"item\":\"https:\/\/hablemosnet.work\/quienes-somos\/\"},{\"@type\":\"ListItem\",\"position\":3,\"name\":\"VALORES CORPORATIVOS\"}]},{\"@type\":\"WebSite\",\"@id\":\"https:\/\/hablemosnet.work\/#website\",\"url\":\"https:\/\/hablemosnet.work\/\",\"name\":\"Hablemos Network. Agencia de Marketing Digital.\",\"description\":\"Ofrecemos experiencias de alto valor, conexiones emocionales y conversaciones relevantes entre  marcas y los usuarios en Am\u00e9rica Latina.\",\"publisher\":{\"@id\":\"https:\/\/hablemosnet.work\/#organization\"},\"potentialAction\":[{\"@type\":\"SearchAction\",\"target\":{\"@type\":\"EntryPoint\",\"urlTemplate\":\"https:\/\/hablemosnet.work\/?s={search_term_string}\"},\"query-input\":{\"@type\":\"PropertyValueSpecification\",\"valueRequired\":true,\"valueName\":\"search_term_string\"}}],\"inLanguage\":\"en-US\"},{\"@type\":\"Organization\",\"@id\":\"https:\/\/hablemosnet.work\/#organization\",\"name\":\"THE NEWMEDIASTUDIO\",\"url\":\"https:\/\/hablemosnet.work\/\",\"logo\":{\"@type\":\"ImageObject\",\"inLanguage\":\"en-US\",\"@id\":\"https:\/\/hablemosnet.work\/#\/schema\/logo\/image\/\",\"url\":\"http:\/\/hablemosnet.work\/wp-content\/uploads\/2022\/07\/fav.png\",\"contentUrl\":\"http:\/\/hablemosnet.work\/wp-content\/uploads\/2022\/07\/fav.png\",\"width\":442,\"height\":442,\"caption\":\"THE NEWMEDIASTUDIO\"},\"image\":{\"@id\":\"https:\/\/hablemosnet.work\/#\/schema\/logo\/image\/\"},\"sameAs\":[\"https:\/\/www.facebook.com\/thenewmediastudio\/\",\"https:\/\/www.instagram.com\/thenewmediastudio\/\",\"https:\/\/www.linkedin.com\/in\/arturocivit\"]}]}<\/script>\n<!-- \/ Yoast SEO plugin. -->","yoast_head_json":{"title":"Impulsamos Marcas. Transformamos Negocios","description":"Creamos experiencias digitales que aumentan significativamente la visibilidad y posicionamiento de tu marca en el mercado latinoamericano.","robots":{"index":"index","follow":"follow","max-snippet":"max-snippet:-1","max-image-preview":"max-image-preview:large","max-video-preview":"max-video-preview:-1"},"canonical":"https:\/\/hablemosnet.work\/en\/quienes-somos\/nuestros-valores-corporativos\/","og_locale":"en_US","og_type":"article","og_title":"Impulsamos Marcas. Transformamos Negocios","og_description":"Creamos experiencias digitales que aumentan significativamente la visibilidad y posicionamiento de tu marca en el mercado latinoamericano.","og_url":"https:\/\/hablemosnet.work\/en\/quienes-somos\/nuestros-valores-corporativos\/","og_site_name":"Hablemos Network. Agencia de Marketing Digital.","article_publisher":"https:\/\/www.facebook.com\/thenewmediastudio\/","article_modified_time":"2023-10-10T03:31:17+00:00","twitter_card":"summary_large_image","twitter_misc":{"Est. reading time":"3 minutes"},"schema":{"@context":"https:\/\/schema.org","@graph":[{"@type":"WebPage","@id":"https:\/\/hablemosnet.work\/quienes-somos\/nuestros-valores-corporativos\/","url":"https:\/\/hablemosnet.work\/quienes-somos\/nuestros-valores-corporativos\/","name":"Impulsamos Marcas. Transformamos Negocios","isPartOf":{"@id":"https:\/\/hablemosnet.work\/#website"},"datePublished":"2023-10-10T02:37:45+00:00","dateModified":"2023-10-10T03:31:17+00:00","description":"Creamos experiencias digitales que aumentan significativamente la visibilidad y posicionamiento de tu marca en el mercado latinoamericano.","breadcrumb":{"@id":"https:\/\/hablemosnet.work\/quienes-somos\/nuestros-valores-corporativos\/#breadcrumb"},"inLanguage":"en-US","potentialAction":[{"@type":"ReadAction","target":["https:\/\/hablemosnet.work\/quienes-somos\/nuestros-valores-corporativos\/"]}]},{"@type":"BreadcrumbList","@id":"https:\/\/hablemosnet.work\/quienes-somos\/nuestros-valores-corporativos\/#breadcrumb","itemListElement":[{"@type":"ListItem","position":1,"name":"Portada","item":"https:\/\/hablemosnet.work\/"},{"@type":"ListItem","position":2,"name":"\u00bfQUI\u00c9NES SOMOS?","item":"https:\/\/hablemosnet.work\/quienes-somos\/"},{"@type":"ListItem","position":3,"name":"VALORES CORPORATIVOS"}]},{"@type":"WebSite","@id":"https:\/\/hablemosnet.work\/#website","url":"https:\/\/hablemosnet.work\/","name":"Hablemos Network. Agencia de Marketing Digital.","description":"Ofrecemos experiencias de alto valor, conexiones emocionales y conversaciones relevantes entre  marcas y los usuarios en Am\u00e9rica Latina.","publisher":{"@id":"https:\/\/hablemosnet.work\/#organization"},"potentialAction":[{"@type":"SearchAction","target":{"@type":"EntryPoint","urlTemplate":"https:\/\/hablemosnet.work\/?s={search_term_string}"},"query-input":{"@type":"PropertyValueSpecification","valueRequired":true,"valueName":"search_term_string"}}],"inLanguage":"en-US"},{"@type":"Organization","@id":"https:\/\/hablemosnet.work\/#organization","name":"THE NEWMEDIASTUDIO","url":"https:\/\/hablemosnet.work\/","logo":{"@type":"ImageObject","inLanguage":"en-US","@id":"https:\/\/hablemosnet.work\/#\/schema\/logo\/image\/","url":"http:\/\/hablemosnet.work\/wp-content\/uploads\/2022\/07\/fav.png","contentUrl":"http:\/\/hablemosnet.work\/wp-content\/uploads\/2022\/07\/fav.png","width":442,"height":442,"caption":"THE NEWMEDIASTUDIO"},"image":{"@id":"https:\/\/hablemosnet.work\/#\/schema\/logo\/image\/"},"sameAs":["https:\/\/www.facebook.com\/thenewmediastudio\/","https:\/\/www.instagram.com\/thenewmediastudio\/","https:\/\/www.linkedin.com\/in\/arturocivit"]}]}},"_links":{"self":[{"href":"https:\/\/hablemosnet.work\/en\/wp-json\/wp\/v2\/pages\/846","targetHints":{"allow":["GET"]}}],"collection":[{"href":"https:\/\/hablemosnet.work\/en\/wp-json\/wp\/v2\/pages"}],"about":[{"href":"https:\/\/hablemosnet.work\/en\/wp-json\/wp\/v2\/types\/page"}],"author":[{"embeddable":true,"href":"https:\/\/hablemosnet.work\/en\/wp-json\/wp\/v2\/users\/1"}],"replies":[{"embeddable":true,"href":"https:\/\/hablemosnet.work\/en\/wp-json\/wp\/v2\/comments?post=846"}],"version-history":[{"count":11,"href":"https:\/\/hablemosnet.work\/en\/wp-json\/wp\/v2\/pages\/846\/revisions"}],"predecessor-version":[{"id":860,"href":"https:\/\/hablemosnet.work\/en\/wp-json\/wp\/v2\/pages\/846\/revisions\/860"}],"up":[{"embeddable":true,"href":"https:\/\/hablemosnet.work\/en\/wp-json\/wp\/v2\/pages\/62"}],"wp:attachment":[{"href":"https:\/\/hablemosnet.work\/en\/wp-json\/wp\/v2\/media?parent=846"}],"curies":[{"name":"wp","href":"https:\/\/api.w.org\/{rel}","templated":true}]}}